{"id":99,"date":"2023-04-11T18:24:38","date_gmt":"2023-04-11T16:24:38","guid":{"rendered":"https:\/\/ambasciatapraga.esteri.it\/?page_id=99"},"modified":"2023-10-27T10:34:52","modified_gmt":"2023-10-27T09:34:52","slug":"studiare-in-italia","status":"publish","type":"page","link":"https:\/\/amblibreville.esteri.it\/it\/italia-e-gabon\/diplomazia-culturale\/studiare-in-italia\/","title":{"rendered":"Studiare in Italia"},"content":{"rendered":"<p>L\u2019Ufficio diplomi\/studenti\/culturale (culturale.libreville@esteri.it) fornisce informazioni e consulenza per l\u2019iscrizione a Scuole e Universit\u00e0 in Italia, e rilascia le necessarie dichiarazioni di valore per i titoli conseguiti presso Scuole e Universit\u00e0 in Gabon, affinch\u00e9 gli interessati possano ottenere il relativo riconoscimento in Italia.<br \/>\nLa dichiarazione di valore \u00e8 un documento che attesta il valore di un titolo di studio conseguito in un sistema di istruzione diverso da quello italiano.<br \/>\nI fini per i quali pu\u00f2 essere richiesta la dichiarazione di valore sono i seguenti:<br \/>\na) proseguimento degli studi scolastici e universitari;<br \/>\nb) iscrizione presso le Universit\u00e0 italiane;<br \/>\nc) omologazione di un titolo universitario per il proseguimento degli studi post lauream (master, dottorato, etc.);<br \/>\nd) equipollenza.<\/p>\n<p>Ogni anno vengono offerte dal Ministero degli Affari Esteri e della Cooperazione Internazionale delle borse di studio a coloro che sono titolari del diploma di \u201clicence\u201d \/ \u201cbachelor\u201d (laurea) o di titoli superiori (non sono previste assegnazioni per chi non ha ancora conseguito almeno un titolo universitario triennale).<br \/>\nL\u2019Ufficio diplomi\/studenti\/culturale si occupa della valutazione delle candidature e ne redige una classifica in ordine di merito.<br \/>\nLa domanda di borsa di studio pu\u00f2 essere fatta esclusivamente online, registrandosi su:<a href=\"https:\/\/studyinitaly.esteri.it\/en\/home_borse\"> https:\/\/studyinitaly.esteri.it\/en\/home_borse<\/a> indicativamente tra maggio e giugno di ogni anno.<\/p>\n<p>Il sistema universitario italiano offre numerose opportunit\u00e0 di studio per gli studenti stranieri che vogliano intraprendere o completare il loro percorso formativo all\u2019estero, anche grazie al fatto che sempre pi\u00f9 frequentemente gli Atenei italiani prevedono lo svolgimento di corsi di studio interamente in lingua inglese.<br \/>\nLe principali informazioni concernenti l\u2019accesso degli stranieri ai corsi delle Universit\u00e0 italiane possono essere facilmente reperite sul web ai seguenti indirizzi:<br \/>\n\u2013 <a href=\"http:\/\/www.studiare-in-italia.it\/studentistranieri\/\">http:\/\/www.studiare-in-italia.it\/studentistranieri\/<\/a><br \/>\n\u2013 <a href=\"https:\/\/www.miur.gov.it\/web\/guest\/studenti-in-entrata-internazionale\">https:\/\/www.miur.gov.it\/web\/guest\/studenti-in-entrata-internazionale<\/a><br \/>\nUlteriore materiale informativo (la pagina \u00e8 disponibile anche in lingua inglese) sull\u2019argomento \u00e8 consultabile al link: <a href=\"https:\/\/www.universitaly.it\/formazione-stranieri\">http:\/\/www.universitaly.it\/index.php\/cercacorsi\/universita<\/a> dove \u00e8 possibile trovare i corsi di primo e secondo ciclo (Laurea e Laurea Magistrale) svolti totalmente in lingua inglese.<\/p>\n<p>E\u2019 inoltre consigliabile visitare il sito web ( <a href=\"http:\/\/www.crui.it\/\">http:\/\/www.crui.it\/<\/a> ) della Conferenza dei Rettori e delle Universit\u00e0 italiane (CRUI), che offre utili aggiornamenti circa i corsi post-universitari in lingua inglese (master universitari, dottorati e summer\/winter school) offerti dal sistema universitario italiano, il quale attribuisce loro la strategica funzione di concorrere alla promozione internazionale del sistema di alta formazione e ricerca italiano:<br \/>\n<a href=\"https:\/\/www.crui.it\/component\/k2\/item\/2521-corsi-in-lingua-inglese-master-universitari-dottorati-e-winter-summer-school.html\">https:\/\/www.crui.it\/component\/k2\/item\/2521-corsi-in-lingua-inglese-master-universitari-dottorati-e-winter-summer-school.html<\/a><\/p>\n<p>&nbsp;<\/p>\n<p>&nbsp;<\/p>\n","protected":false},"excerpt":{"rendered":"L\u2019Ufficio diplomi\/studenti\/culturale (culturale.libreville@esteri.it) fornisce informazioni e consulenza per l\u2019iscrizione a Scuole e Universit\u00e0 in Italia, e rilascia le necessarie dichiarazioni di valore per i titoli conseguiti presso Scuole e Universit\u00e0 in Gabon, affinch\u00e9 gli interessati possano ottenere il relativo riconoscimento in Italia. La dichiarazione di valore \u00e8 un documento che attesta il valore di un [&hellip;]","protected":false},"author":1,"featured_media":0,"parent":44,"menu_order":0,"comment_status":"closed","ping_status":"closed","template":"","meta":{"footnotes":""},"class_list":["post-99","page","type-page","status-publish","hentry"],"_links":{"self":[{"href":"https:\/\/amblibreville.esteri.it\/it\/wp-json\/wp\/v2\/pages\/99","targetHints":{"allow":["GET"]}}],"collection":[{"href":"https:\/\/amblibreville.esteri.it\/it\/wp-json\/wp\/v2\/pages"}],"about":[{"href":"https:\/\/amblibreville.esteri.it\/it\/wp-json\/wp\/v2\/types\/page"}],"author":[{"embeddable":true,"href":"https:\/\/amblibreville.esteri.it\/it\/wp-json\/wp\/v2\/users\/1"}],"replies":[{"embeddable":true,"href":"https:\/\/amblibreville.esteri.it\/it\/wp-json\/wp\/v2\/comments?post=99"}],"version-history":[{"count":3,"href":"https:\/\/amblibreville.esteri.it\/it\/wp-json\/wp\/v2\/pages\/99\/revisions"}],"predecessor-version":[{"id":360,"href":"https:\/\/amblibreville.esteri.it\/it\/wp-json\/wp\/v2\/pages\/99\/revisions\/360"}],"up":[{"embeddable":true,"href":"https:\/\/amblibreville.esteri.it\/it\/wp-json\/wp\/v2\/pages\/44"}],"wp:attachment":[{"href":"https:\/\/amblibreville.esteri.it\/it\/wp-json\/wp\/v2\/media?parent=99"}],"curies":[{"name":"wp","href":"https:\/\/api.w.org\/{rel}","templated":true}]}}