{"id":968,"date":"2023-11-21T13:08:50","date_gmt":"2023-11-21T12:08:50","guid":{"rendered":"https:\/\/amblibreville.esteri.it\/?page_id=968"},"modified":"2023-11-21T13:08:50","modified_gmt":"2023-11-21T12:08:50","slug":"storia","status":"publish","type":"page","link":"https:\/\/amblibreville.esteri.it\/it\/italia-e-gabon\/rapporti-politici\/storia\/","title":{"rendered":"Storia"},"content":{"rendered":"<p>CENNI STORICI<br \/>\nLa storia del Gabon prima del contatto con gli europei \u00e8 piuttosto sconosciuta, anche se l&#8217;arte tribale suggerisce una ricca eredit\u00e0 culturale. L&#8217;archeologia ha rinvenuto nel territorio tracce di popolazione risalenti ad almeno 9.000 anni fa.<br \/>\nI primi europei a visitare il Gabon sono stati i portoghesi nel 1470. Nel corso dei secoli successivi sul suo territorio sono approdati spagnoli, olandesi e inglesi.<br \/>\nNel 1839 il governatore locale Mpongwe ha riconosciuto la sovranit\u00e0 dei francesi. La Francia ha poi occupato definitivamente il Gabon nel 1885, iniziando ad amministrarlo attivamente a partire dal 1903. Nel 1910 \u00e8 divenuto uno dei quattro territori dell&#8217;Africa Equatoriale Francese.<br \/>\nAcquisito lo status, nel 1958, di Repubblica autonoma all&#8217;interno della Comunit\u00e0 francese, nel 1960 il Gabon ha proclamato la propria indipendenza.<br \/>\nIl primo Presidente dello Stato indipendente \u00e8 stato L\u00e9on M&#8217;ba, eletto nel 1961. M&#8217;ba \u00e8 rimasto in carica fino alla data della sua morte, avvenuta nel 1967.<br \/>\nNello stesso anno, il Vicepresidente El Hadj Omar Bongo \u00e8 divenuto Presidente. Bongo ha governato il Gabon per 42 anni, fino alla sua morte nel 2009.<br \/>\nAlle elezioni dello stesso anno, il figlio Ali Bongo \u00e8 stato eletto Presidente. Quest\u2019ultimo \u00e8 stato rieletto nel 2016, nonostante la sua sia stata una vittoria contestata.<br \/>\nNell\u2019agosto 2023, dopo un\u2019altra elezione controversa, Ali Bongo \u00e8 stato deposto dalle autorit\u00e0 militari, che hanno instaurato un Governo di transizione.<\/p>\n","protected":false},"excerpt":{"rendered":"CENNI STORICI La storia del Gabon prima del contatto con gli europei \u00e8 piuttosto sconosciuta, anche se l&#8217;arte tribale suggerisce una ricca eredit\u00e0 culturale. L&#8217;archeologia ha rinvenuto nel territorio tracce di popolazione risalenti ad almeno 9.000 anni fa. I primi europei a visitare il Gabon sono stati i portoghesi nel 1470. Nel corso dei secoli [&hellip;]","protected":false},"author":5,"featured_media":0,"parent":960,"menu_order":0,"comment_status":"closed","ping_status":"closed","template":"","meta":{"footnotes":""},"class_list":["post-968","page","type-page","status-publish","hentry"],"_links":{"self":[{"href":"https:\/\/amblibreville.esteri.it\/it\/wp-json\/wp\/v2\/pages\/968","targetHints":{"allow":["GET"]}}],"collection":[{"href":"https:\/\/amblibreville.esteri.it\/it\/wp-json\/wp\/v2\/pages"}],"about":[{"href":"https:\/\/amblibreville.esteri.it\/it\/wp-json\/wp\/v2\/types\/page"}],"author":[{"embeddable":true,"href":"https:\/\/amblibreville.esteri.it\/it\/wp-json\/wp\/v2\/users\/5"}],"replies":[{"embeddable":true,"href":"https:\/\/amblibreville.esteri.it\/it\/wp-json\/wp\/v2\/comments?post=968"}],"version-history":[{"count":2,"href":"https:\/\/amblibreville.esteri.it\/it\/wp-json\/wp\/v2\/pages\/968\/revisions"}],"predecessor-version":[{"id":972,"href":"https:\/\/amblibreville.esteri.it\/it\/wp-json\/wp\/v2\/pages\/968\/revisions\/972"}],"up":[{"embeddable":true,"href":"https:\/\/amblibreville.esteri.it\/it\/wp-json\/wp\/v2\/pages\/960"}],"wp:attachment":[{"href":"https:\/\/amblibreville.esteri.it\/it\/wp-json\/wp\/v2\/media?parent=968"}],"curies":[{"name":"wp","href":"https:\/\/api.w.org\/{rel}","templated":true}]}}