{"id":40,"date":"2023-04-11T18:01:19","date_gmt":"2023-04-11T16:01:19","guid":{"rendered":"https:\/\/ambasciatapraga.esteri.it\/?page_id=40"},"modified":"2024-03-07T12:24:00","modified_gmt":"2024-03-07T11:24:00","slug":"gli-uffici","status":"publish","type":"page","link":"https:\/\/amblibreville.esteri.it\/it\/chi-siamo\/gli-uffici\/","title":{"rendered":"Gli Uffici"},"content":{"rendered":"<p>Ambasciata d&#8217;Italia<br \/>\nAvenue Paul Moukambi 967<br \/>\nHaut de Gu\u00e9 Gu\u00e9<br \/>\nBP 23731 Libreville<br \/>\nGABON<br \/>\nTel. +241 11 74 28 92\/93<br \/>\nFax +241 11 74 80 35<\/p>\n<p>Cellulare di reperibilit\u00e0: +241 66 70 75 75 (solo per emergenze)<\/p>\n<p><a href=\"mailto:amb.libreville@esteri.it\">amb.libreville@esteri.it<\/a><br \/>\n<a href=\"mailto:amb.libreville@cert.esteri.it\">amb.libreville@cert.esteri.it<\/a>\u00a0\u00a0(solo per la posta certificata)<\/p>\n<p>&nbsp;<\/p>\n<p>SEGRETERIA CAPO MISSIONE<br \/>\nE-mail: <a href=\"mailto:libreville.segreteria@esteri.it\">libreville.segreteria@esteri.it<\/a><\/p>\n<p>&nbsp;<\/p>\n<p>UFFICIO CONSOLARE COLLETTIVIT\u00c0 ITALIANA<\/p>\n<p>E-mail: <a href=\"mailto:consolare.libreville@esteri.it\">consolare.libreville@esteri.it <\/a><br \/>\nPEC: <a href=\"mailto:amb.libreville.pass@cert.esteri.it\">a<\/a><a href=\"mailto:mb.libreville.pass@cert.esteri.it\">mb.libreville.pass@cert.esteri.it<\/a><\/p>\n<p>Orario di apertura al pubblico dal Lunedi al Venerd\u00ec 09.00 &#8211; 12.30 (chiuso il mercoled\u00ec)<\/p>\n<p>&nbsp;<\/p>\n<p>UFFICIO COMMERCIALE<\/p>\n<p>E-mail: <a href=\"mailto:comm.libreville@esteri.it\">commerciale.libreville@esteri.it<\/a><\/p>\n<p>Per assistenza alle imprese cliccare <a href=\"https:\/\/nexus.esteri.it?sede=290\">QUI<\/a>\u00a0(link alla piattaforma NEXUS)<\/p>\n<p>&nbsp;<\/p>\n<p>UFFICIO AMMINISTRATIVO<\/p>\n<p>E-mail: <a href=\"mailto:amm.libreville@esteri.it\">amm.libreville@esteri.it<\/a><\/p>\n<p>&nbsp;<\/p>\n<p>UFFICIO CONSOLARE SEZIONE VISTI<\/p>\n<p>E-mail: <a href=\"mailto:visti.libreville@esteri.it\">visti.libreville@esteri.it<\/a><br \/>\nPEC: <a href=\"mailto:amb.libreville.consolare@cert.esteri.it%20Orario%20di%20apertura%20al%20pubblico:%20dal%20luned\u00ec%20al%20venerd\u00ec%2009:00%20-%2012.30%20(chiuso%20il%20mercoled\u00ec)\">amb.libreville.consolare@cert.esteri.it<br \/>\n<\/a><\/p>\n<p>Orario di apertura al pubblico: dal luned\u00ec al venerd\u00ec 09:00 &#8211; 12.30 (chiuso il mercoled\u00ec)<\/p>\n<p>&nbsp;<\/p>\n<p>UFFICIO CULTURALE<\/p>\n<p>E-mail: <a href=\"mailto:culturale.libreville@esteri.it\">culturale.libreville@esteri.it<\/a><\/p>\n","protected":false},"excerpt":{"rendered":"Ambasciata d&#8217;Italia Avenue Paul Moukambi 967 Haut de Gu\u00e9 Gu\u00e9 BP 23731 Libreville GABON Tel. +241 11 74 28 92\/93 Fax +241 11 74 80 35 Cellulare di reperibilit\u00e0: +241 66 70 75 75 (solo per emergenze) amb.libreville@esteri.it amb.libreville@cert.esteri.it\u00a0\u00a0(solo per la posta certificata) &nbsp; SEGRETERIA CAPO MISSIONE E-mail: libreville.segreteria@esteri.it &nbsp; UFFICIO CONSOLARE COLLETTIVIT\u00c0 ITALIANA E-mail: [&hellip;]","protected":false},"author":1,"featured_media":0,"parent":13,"menu_order":4,"comment_status":"closed","ping_status":"closed","template":"","meta":{"footnotes":""},"class_list":["post-40","page","type-page","status-publish","hentry"],"_links":{"self":[{"href":"https:\/\/amblibreville.esteri.it\/it\/wp-json\/wp\/v2\/pages\/40","targetHints":{"allow":["GET"]}}],"collection":[{"href":"https:\/\/amblibreville.esteri.it\/it\/wp-json\/wp\/v2\/pages"}],"about":[{"href":"https:\/\/amblibreville.esteri.it\/it\/wp-json\/wp\/v2\/types\/page"}],"author":[{"embeddable":true,"href":"https:\/\/amblibreville.esteri.it\/it\/wp-json\/wp\/v2\/users\/1"}],"replies":[{"embeddable":true,"href":"https:\/\/amblibreville.esteri.it\/it\/wp-json\/wp\/v2\/comments?post=40"}],"version-history":[{"count":5,"href":"https:\/\/amblibreville.esteri.it\/it\/wp-json\/wp\/v2\/pages\/40\/revisions"}],"predecessor-version":[{"id":1016,"href":"https:\/\/amblibreville.esteri.it\/it\/wp-json\/wp\/v2\/pages\/40\/revisions\/1016"}],"up":[{"embeddable":true,"href":"https:\/\/amblibreville.esteri.it\/it\/wp-json\/wp\/v2\/pages\/13"}],"wp:attachment":[{"href":"https:\/\/amblibreville.esteri.it\/it\/wp-json\/wp\/v2\/media?parent=40"}],"curies":[{"name":"wp","href":"https:\/\/api.w.org\/{rel}","templated":true}]}}