{"id":346,"date":"2023-10-25T12:21:17","date_gmt":"2023-10-25T11:21:17","guid":{"rendered":"https:\/\/amblibreville.esteri.it\/servizi-consolari-e-visti\/servizi-per-il-cittadino-straniero\/visti\/turismo\/"},"modified":"2024-07-01T14:13:50","modified_gmt":"2024-07-01T13:13:50","slug":"turismo","status":"publish","type":"page","link":"https:\/\/amblibreville.esteri.it\/fr\/servizi-consolari-e-visti\/servizi-per-il-cittadino-straniero\/visti\/turismo\/","title":{"rendered":"TOURISME"},"content":{"rendered":"<p><i>Nous informons les usagers que les demandes de visa pour tourisme doivent \u00eatre soumises directement \u00e0 l&rsquo;Ambassade en prenant rendez-vous \u00e0 l&rsquo;adresse\u00a0<\/i><a href=\"https:\/\/prenotami.esteri.it\/\"><i>https:\/\/prenotami.esteri.it\/<\/i><\/a><i>.<\/i><\/p>\n<p>&nbsp;<\/p>\n<p><strong>DOCUMENTATION \u00c0 SOUMETTRE<\/strong>:<\/p>\n<p>1. Formulaire de demande de visa Schengen (C), d\u00fbment rempli et sign\u00e9.<\/p>\n<p>2. Deux (2) photos d&rsquo;identit\u00e9 r\u00e9centes en couleur sur fond blanc (3,5 x 4,5 cm).<\/p>\n<p>3. Passeport en cours de validit\u00e9 (dont la date d&rsquo;expiration est sup\u00e9rieure d&rsquo;au moins trois mois \u00e0 celle du visa demand\u00e9), comportant au moins deux pages vierges + photocopie des deux premi\u00e8res pages et des pages contenant les visas et cachets d&rsquo;entr\u00e9e et de sortie de l&rsquo;espace Schengen les plus r\u00e9cents.<\/p>\n<p>4. Photocopie de la carte d&rsquo;identit\u00e9 nationale, ou du permis de s\u00e9jour pour les ressortissants d&rsquo;autres pays.<\/p>\n<p>5. Originaux et photocopies des documents relatifs \u00e0 la situation socio-\u00e9conomique du demandeur (contrat de travail, attestation de service, fiches de paie, lettre de cong\u00e9, registre du commerce, contrats de location, etc.).<\/p>\n<p>6. Preuve de la possession de moyens \u00e9conomiques de subsistance ad\u00e9quats, par rapport \u00e0 la p\u00e9riode de s\u00e9jour demand\u00e9e, non inf\u00e9rieurs \u00e0 ceux pr\u00e9vus dans le \u00ab\u00a0Tableau A\u00a0\u00bb de la Directive du Minist\u00e8re de l&rsquo;Int\u00e9rieur du 01.03.2000 (relev\u00e9s de compte bancaires, actes de propri\u00e9t\u00e9, etc.). \u00c0 cet \u00e9gard, il convient de noter que les garanties susmentionn\u00e9es doivent \u00eatre fournies uniquement par l&rsquo;interm\u00e9diaire de banques faisant partie des circuits financiers mondiaux ; les \u00e9tablissements de cr\u00e9dit locaux situ\u00e9s en dehors des circuits bancaires internationaux (\u00ab\u00a0microfinances\u00a0\u00bb, \u00ab\u00a0tontines\u00a0\u00bb, etc.) ne sont pas accept\u00e9s.<\/p>\n<p>7. R\u00e9servation d&rsquo;un billet d&rsquo;avion aller-retour.<\/p>\n<p>8. Disponibilit\u00e9 de l&rsquo;h\u00e9bergement (r\u00e9servation d&rsquo;h\u00f4tel ou d\u00e9claration d&rsquo;hospitalit\u00e9 avec prise en charge \u00e9ventuelle des frais d&rsquo;h\u00e9bergement par la partie invitante et \u00e9ventuelle garantie bancaire).<\/p>\n<p>9. Assurance maladie avec une couverture minimale de 30 000 \u20ac pour les frais d&rsquo;hospitalisation d&rsquo;urgence et de rapatriement, valable dans tout l&rsquo;espace Schengen.<\/p>\n<p>10. Dans le cas de demandes de visa pour des mineurs, il est n\u00e9cessaire de contacter l&rsquo;ambassade \u00e0 l&rsquo;avance (visti.libreville@esteri.it ) pour savoir quels documents suppl\u00e9mentaires sont requis.<\/p>\n<p>&nbsp;<\/p>\n<p><strong>ANNEXES<\/strong><\/p>\n<ul>\n<li><a href=\"https:\/\/amblibreville.esteri.it\/wp-content\/uploads\/2024\/07\/formulario-visto-in-francese.pdf\">Formulaire de demande de visa Schengen (C)<\/a><\/li>\n<li><a href=\"https:\/\/amblibreville.esteri.it\/wp-content\/uploads\/2023\/10\/02._dichiarazione_di_ospitalita_amici_-_familiari_nuovo_ok-1.pdf\">D\u00e9claration d&rsquo;h\u00e9bergement<\/a><\/li>\n<\/ul>\n<p>&nbsp;<\/p>\n<p><strong>NOTES<\/strong><\/p>\n<ul>\n<li>Le service des visas se r\u00e9serve le droit de demander des documents suppl\u00e9mentaires, si n\u00e9cessaire, en plus de ceux indiqu\u00e9s ci-dessus et de v\u00e9rifier l&rsquo;authenticit\u00e9 des documents pr\u00e9sent\u00e9s.<\/li>\n<li>La pr\u00e9sentation de la documentation compl\u00e8te n\u2019implique pas n\u00e9cessairement la d\u00e9livrance du visa.<\/li>\n<li>La pr\u00e9sentation de documents contrefaits et\/ou falsifi\u00e9s entra\u00eenera le refus du visa et sera signal\u00e9e aux Autorit\u00e9s italiennes et gabonaises comp\u00e9tentes.<\/li>\n<li>Au moment de l&rsquo;entr\u00e9e en Italie et dans l&rsquo;espace Schengen, m\u00eame si vous \u00eates en possession d&rsquo;un visa valide, les Autorit\u00e9s frontali\u00e8res se r\u00e9servent le droit de demander \u00e0 nouveau les documents qui ont permis la d\u00e9livrance du visa.<\/li>\n<\/ul>\n<p>&nbsp;<\/p>\n<p>Pour de plus amples informations, veuillez consulter :\u00a0<a href=\"https:\/\/vistoperitalia.esteri.it\/home.aspx\">https:\/\/vistoperitalia.esteri.it\/home.aspx<\/a><\/p>\n","protected":false},"excerpt":{"rendered":"Nous informons les usagers que les demandes de visa pour tourisme doivent \u00eatre soumises directement \u00e0 l&rsquo;Ambassade en prenant rendez-vous \u00e0 l&rsquo;adresse\u00a0https:\/\/prenotami.esteri.it\/. &nbsp; DOCUMENTATION \u00c0 SOUMETTRE: 1. Formulaire de demande de visa Schengen (C), d\u00fbment rempli et sign\u00e9. 2. Deux (2) photos d&rsquo;identit\u00e9 r\u00e9centes en couleur sur fond blanc (3,5 x 4,5 cm). 3. Passeport [&hellip;]","protected":false},"author":1,"featured_media":0,"parent":196,"menu_order":2,"comment_status":"closed","ping_status":"closed","template":"","meta":{"footnotes":""},"class_list":["post-346","page","type-page","status-publish","hentry"],"_links":{"self":[{"href":"https:\/\/amblibreville.esteri.it\/fr\/wp-json\/wp\/v2\/pages\/346","targetHints":{"allow":["GET"]}}],"collection":[{"href":"https:\/\/amblibreville.esteri.it\/fr\/wp-json\/wp\/v2\/pages"}],"about":[{"href":"https:\/\/amblibreville.esteri.it\/fr\/wp-json\/wp\/v2\/types\/page"}],"author":[{"embeddable":true,"href":"https:\/\/amblibreville.esteri.it\/fr\/wp-json\/wp\/v2\/users\/1"}],"replies":[{"embeddable":true,"href":"https:\/\/amblibreville.esteri.it\/fr\/wp-json\/wp\/v2\/comments?post=346"}],"version-history":[{"count":2,"href":"https:\/\/amblibreville.esteri.it\/fr\/wp-json\/wp\/v2\/pages\/346\/revisions"}],"predecessor-version":[{"id":1280,"href":"https:\/\/amblibreville.esteri.it\/fr\/wp-json\/wp\/v2\/pages\/346\/revisions\/1280"}],"up":[{"embeddable":true,"href":"https:\/\/amblibreville.esteri.it\/fr\/wp-json\/wp\/v2\/pages\/196"}],"wp:attachment":[{"href":"https:\/\/amblibreville.esteri.it\/fr\/wp-json\/wp\/v2\/media?parent=346"}],"curies":[{"name":"wp","href":"https:\/\/api.w.org\/{rel}","templated":true}]}}