{"id":339,"date":"2023-10-25T12:16:05","date_gmt":"2023-10-25T11:16:05","guid":{"rendered":"https:\/\/amblibreville.esteri.it\/servizi-consolari-e-visti\/servizi-per-il-cittadino-straniero\/visti\/visto-per-studio\/"},"modified":"2025-07-23T15:25:47","modified_gmt":"2025-07-23T14:25:47","slug":"visto-per-studio","status":"publish","type":"page","link":"https:\/\/amblibreville.esteri.it\/fr\/servizi-consolari-e-visti\/servizi-per-il-cittadino-straniero\/visti\/visto-per-studio\/","title":{"rendered":"VISA POUR LES ETUDES"},"content":{"rendered":"<p><strong>Visa pour les \u00e9tudes<\/strong><\/p>\n<p>Les \u00e9tudiants sont inform\u00e9s que les demandes de visa pour les <strong>\u00e9tudes de premier et de deuxi\u00e8me cycle<\/strong> doivent \u00eatre d\u00e9pos\u00e9es <strong>directement aupr\u00e8s de l\u2019Ambassade<\/strong>, <strong>sur rendez-vous<\/strong>, via la plateforme <a href=\"https:\/\/prenotami.esteri.it\/\"><strong>Prenot@mi<\/strong><\/a>.<\/p>\n<p>&nbsp;<\/p>\n<p><strong>Conditions pr\u00e9alables<\/strong><\/p>\n<p>Les \u00e9tudiants peuvent demander un <strong>visa pour inscription universitaire<\/strong> <strong>uniquement s\u2019ils sont d\u00fbment pr\u00e9inscrits<\/strong> sur le site <a href=\"https:\/\/www.universitaly.it\/\"><strong>Universitaly<\/strong><\/a>.<\/p>\n<p>Les personnes int\u00e9ress\u00e9es sont \u00e9galement invit\u00e9es \u00e0 lire attentivement la <strong>lettre circulaire relative aux proc\u00e9dures 2025\/2026<\/strong>, disponible en t\u00e9l\u00e9chargement \u00e0 l\u2019adresse suivante : <a href=\"https:\/\/www.universitaly.it\/studenti-stranieri\">https:\/\/www.universitaly.it\/studenti-stranieri<\/a><\/p>\n<p>&nbsp;<\/p>\n<p><strong>Documents \u00e0 soumettre<\/strong><\/p>\n<p>Pour une demande de <strong>visa national de long s\u00e9jour (type D)<\/strong> \u00e0 des fins d\u2019\u00e9tudes, les documents suivants doivent \u00eatre fournis :<\/p>\n<ol>\n<li><strong>Formulaire de demande<\/strong> de visa national de long s\u00e9jour (type D), <strong>d\u00fbment rempli et sign\u00e9<\/strong>.<\/li>\n<li><strong>Une photo d&rsquo;identit\u00e9 r\u00e9cente<\/strong>, en couleur, sur fond blanc, au format <strong>3,5 x 4,5 cm<\/strong>.<\/li>\n<li><strong>Passeport<\/strong> en cours de validit\u00e9, avec une <strong>validit\u00e9 r\u00e9siduelle d\u2019au moins 3 mois apr\u00e8s la date d\u2019expiration du visa demand\u00e9<\/strong>.\n<ul>\n<li>Joindre une <strong>photocopie des deux premi\u00e8res pages<\/strong> du passeport, ainsi que des pages contenant <strong>d\u2019\u00e9ventuels visas Schengen<\/strong>.<\/li>\n<\/ul>\n<\/li>\n<li><strong>Copie de la carte d&rsquo;identit\u00e9 nationale<\/strong>, ou du <strong>titre de s\u00e9jour<\/strong> pour les ressortissants de nationalit\u00e9 autre que celle du pays de d\u00e9p\u00f4t.<\/li>\n<li><strong>Justificatif de couverture financi\u00e8re<\/strong> :\n<ul>\n<li>Pour l\u2019ann\u00e9e acad\u00e9mique <strong>2025\/2026<\/strong>, les ressources requises sont de <strong>534,41 \u20ac par mois<\/strong> pour une p\u00e9riode de <strong>13 mois<\/strong>, soit un total de <strong>6 947,33 \u20ac<\/strong>.<\/li>\n<li>Ce montant est bas\u00e9 sur la <strong>circulaire n\u00b0 197<\/strong> de l&rsquo;<strong>Institut national de s\u00e9curit\u00e9 sociale (INPS)<\/strong> du 23 d\u00e9cembre 2021, concernant l\u2019actualisation de l\u2019\u00ab allocation sociale \u00bb pour l\u2019ann\u00e9e 2022.<\/li>\n<\/ul>\n<\/li>\n<\/ol>\n<p><strong>Note importante : <\/strong>La disponibilit\u00e9 en Italie des moyens de subsistance requis doit \u00eatre prouv\u00e9e <strong>par des garanties \u00e9conomiques personnelles<\/strong> ou celles des <strong>parents<\/strong>, d\u2019<strong>entit\u00e9s<\/strong>, de <strong>citoyens italiens ou \u00e9trangers r\u00e9sidant l\u00e9galement<\/strong> sur le territoire italien, ou encore <strong>fournies par des institutions ou organismes italiens reconnus<\/strong>, y compris les universit\u00e9s, les collectivit\u00e9s locales, ou des entit\u00e9s \u00e9trang\u00e8res <strong>consid\u00e9r\u00e9es comme fiables<\/strong> par la repr\u00e9sentation diplomatique italienne.<\/p>\n<p>&nbsp;<\/p>\n<p><strong>Attention : <\/strong>Les garanties \u00e9conomiques doivent obligatoirement \u00eatre <strong>pr\u00e9sent\u00e9es par l\u2019interm\u00e9diaire de banques appartenant aux circuits financiers internationaux<\/strong>.<br \/>\nLes institutions locales <strong>hors de ces circuits<\/strong> (telles que la microfinance, les tontines, etc.) <strong>ne sont pas accept\u00e9es<\/strong>.<\/p>\n<ol start=\"6\">\n<li><strong>Justificatifs de la capacit\u00e9 \u00e9conomique<\/strong> de l\u2019\u00e9tudiant, de ses parents ou du tuteur l\u00e9gal r\u00e9sidant en Italie :<\/li>\n<\/ol>\n<ol>\n<li style=\"list-style-type: none;\">\n<ul>\n<li>Relev\u00e9s bancaires,<\/li>\n<li>Titres de propri\u00e9t\u00e9,<\/li>\n<li>Bulletins de salaire, etc.<\/li>\n<\/ul>\n<\/li>\n<\/ol>\n<ol start=\"7\">\n<li><strong>Preuve d\u2019h\u00e9bergement<\/strong> en Italie ou <strong>r\u00e9servation d\u2019h\u00f4tel<\/strong> pour la premi\u00e8re p\u00e9riode de s\u00e9jour.<\/li>\n<li><strong>Lettre de prise en charge<\/strong>, si l\u2019\u00e9tudiant ne dispose pas de ressources financi\u00e8res personnelles.<\/li>\n<li><strong>Copie du dipl\u00f4me<\/strong> ou du <strong>titre d&rsquo;\u00e9tudes<\/strong> requis pour l\u2019admission \u00e0 l\u2019enseignement universitaire en Italie.<\/li>\n<li><strong>Certificat de connaissance de la langue italienne<\/strong> (niveau B2 minimum) ou, dans le cas de cours dispens\u00e9s en anglais, <strong>certificat de connaissance de la langue anglaise<\/strong>.<\/li>\n<li><strong>Copie du certificat de pr\u00e9inscription universitaire<\/strong>, obtenu via la plateforme <a href=\"https:\/\/www.universitaly.it\/\"><strong>Universitaly<\/strong><\/a>.<\/li>\n<li><strong>E<\/strong><strong>n cas de bourse d\u2019\u00e9tudes<\/strong> : fournir les documents <strong>indiquant le montant et la dur\u00e9e de la bourse<\/strong>.<\/li>\n<li><strong>Couverture d\u2019assurance maladie ad\u00e9quate<\/strong>, couvrant les soins m\u00e9dicaux et l\u2019hospitalisation, exig\u00e9e \u00e9galement pour la demande de permis de s\u00e9jour. L\u2019un des documents suivants est accept\u00e9 :<\/li>\n<\/ol>\n<ol>\n<li style=\"list-style-type: none;\">\n<ol>\n<li style=\"list-style-type: none;\">\n<ol>\n<li><strong>D\u00e9claration consulaire<\/strong> attestant du droit aux soins m\u00e9dicaux, dans le cadre d\u2019un <strong>accord bilat\u00e9ral entre l\u2019Italie et le pays d\u2019origine<\/strong> ;<\/li>\n<li><strong>Police d\u2019assurance \u00e9trang\u00e8re<\/strong>, accompagn\u00e9e d\u2019une <strong>d\u00e9claration consulaire<\/strong> confirmant :\n<ul>\n<li>Sa validit\u00e9 en Italie,<\/li>\n<li>Sa dur\u00e9e,<\/li>\n<li>Les types de prestations couvertes,Elle <strong>ne doit comporter aucune limitation ou exclusion<\/strong> des <strong>tarifs applicables aux hospitalisations d\u2019urgence<\/strong> pendant toute la p\u00e9riode de validit\u00e9 ;<\/li>\n<\/ul>\n<\/li>\n<li><strong>Police d\u2019assurance souscrite aupr\u00e8s d\u2019un organisme ou d\u2019une compagnie nationale italienne<\/strong>, accompagn\u00e9e d\u2019une <strong>attestation de l\u2019assureur<\/strong> pr\u00e9cisant l\u2019absence de <strong>limites ou d\u2019exclusions<\/strong> concernant les tarifs pour hospitalisation d\u2019urgence pendant toute la dur\u00e9e de la couverture.<\/li>\n<\/ol>\n<\/li>\n<\/ol>\n<\/li>\n<\/ol>\n<ol start=\"14\">\n<li><strong>R\u00e9servation d\u2019un billet d\u2019avion aller-retour<\/strong>.<\/li>\n<\/ol>\n<h3><\/h3>\n<p><strong>Notes importantes<\/strong><\/p>\n<p><strong>Tous les documents gabonais<\/strong> (actes d\u2019\u00e9tat civil, attestations familiales, etc.) doivent \u00eatre <strong>l\u00e9galis\u00e9s par le Minist\u00e8re gabonais des Affaires \u00e9trang\u00e8res<\/strong>. Les <strong>documents provenant de pays tiers<\/strong> doivent \u00eatre l<strong>\u00e9galis\u00e9s par les autorit\u00e9s comp\u00e9tentes du pays d\u2019origine<\/strong>, puis <strong>authentifi\u00e9s par l\u2019Ambassade ou le Consulat d\u2019Italie comp\u00e9tent<\/strong> dans ce pays.<\/p>\n<p><em>Exemple : un acte de naissance camerounais doit \u00eatre l\u00e9galis\u00e9 par les autorit\u00e9s camerounaises puis par l\u2019Ambassade d\u2019Italie \u00e0 Yaound\u00e9.<\/em><\/p>\n<p>Les <strong>dipl\u00f4mes obtenus en dehors du Gabon<\/strong>, s\u2019ils sont requis pour l\u2019admission dans une universit\u00e9 italienne, doivent \u00eatre accompagn\u00e9s d\u2019une <strong>d\u00e9claration de valeur<\/strong> (<em>Dichiarazione di valore<\/em>) d\u00e9livr\u00e9e par <strong>l\u2019Ambassade ou le Consulat d\u2019Italie comp\u00e9tent<\/strong> dans le pays o\u00f9 le dipl\u00f4me a \u00e9t\u00e9 d\u00e9livr\u00e9.<\/p>\n<p>&nbsp;<\/p>\n<p><strong>Rappels importants<\/strong><\/p>\n<ul>\n<li>Le <strong>service des visas se r\u00e9serve le droit<\/strong> de demander, si n\u00e9cessaire, <strong>des documents compl\u00e9mentaires<\/strong> \u00e0 ceux \u00e9num\u00e9r\u00e9s ci-dessus, ainsi que de <strong>v\u00e9rifier l\u2019authenticit\u00e9<\/strong> de la documentation fournie.<\/li>\n<li><strong>La pr\u00e9sentation d\u2019un dossier complet n\u2019implique pas automatiquement l\u2019octroi du visa.<\/strong><\/li>\n<li>La <strong>falsification ou contrefa\u00e7on de documents<\/strong> entra\u00eenera :\n<ul>\n<li>Le <strong>refus imm\u00e9diat du visa<\/strong>,<\/li>\n<li>Ainsi que la <strong>transmission du dossier aux autorit\u00e9s italiennes et gabonaises comp\u00e9tentes<\/strong>.<\/li>\n<\/ul>\n<\/li>\n<li>Lors de l\u2019<strong>entr\u00e9e en Italie ou dans l\u2019espace Schengen<\/strong>, les <strong>autorit\u00e9s frontali\u00e8res<\/strong> peuvent, m\u00eame en pr\u00e9sence d\u2019un visa valide, exiger \u00e0 nouveau la pr\u00e9sentation des documents ayant servi \u00e0 l\u2019instruction de la demande.<\/li>\n<\/ul>\n<p><strong>Pour plus d\u2019informations<\/strong>, veuillez consulter le site <a href=\"https:\/\/vistoperitalia.esteri.it\/?lang=it_IT\">Il visto per l&rsquo;Italia<\/a> ou \u00e9crire \u00e0 l\u2019adresse suivante : <a href=\"mailto:visti.libreville@esteri.it\"><strong>visti.libreville@esteri.it<\/strong><\/a>.<\/p>\n<p>&nbsp;<\/p>\n","protected":false},"excerpt":{"rendered":"Visa pour les \u00e9tudes Les \u00e9tudiants sont inform\u00e9s que les demandes de visa pour les \u00e9tudes de premier et de deuxi\u00e8me cycle doivent \u00eatre d\u00e9pos\u00e9es directement aupr\u00e8s de l\u2019Ambassade, sur rendez-vous, via la plateforme Prenot@mi. &nbsp; Conditions pr\u00e9alables Les \u00e9tudiants peuvent demander un visa pour inscription universitaire uniquement s\u2019ils sont d\u00fbment pr\u00e9inscrits sur le site [&hellip;]","protected":false},"author":1,"featured_media":0,"parent":196,"menu_order":0,"comment_status":"closed","ping_status":"closed","template":"","meta":{"footnotes":""},"class_list":["post-339","page","type-page","status-publish","hentry"],"_links":{"self":[{"href":"https:\/\/amblibreville.esteri.it\/fr\/wp-json\/wp\/v2\/pages\/339","targetHints":{"allow":["GET"]}}],"collection":[{"href":"https:\/\/amblibreville.esteri.it\/fr\/wp-json\/wp\/v2\/pages"}],"about":[{"href":"https:\/\/amblibreville.esteri.it\/fr\/wp-json\/wp\/v2\/types\/page"}],"author":[{"embeddable":true,"href":"https:\/\/amblibreville.esteri.it\/fr\/wp-json\/wp\/v2\/users\/1"}],"replies":[{"embeddable":true,"href":"https:\/\/amblibreville.esteri.it\/fr\/wp-json\/wp\/v2\/comments?post=339"}],"version-history":[{"count":6,"href":"https:\/\/amblibreville.esteri.it\/fr\/wp-json\/wp\/v2\/pages\/339\/revisions"}],"predecessor-version":[{"id":2044,"href":"https:\/\/amblibreville.esteri.it\/fr\/wp-json\/wp\/v2\/pages\/339\/revisions\/2044"}],"up":[{"embeddable":true,"href":"https:\/\/amblibreville.esteri.it\/fr\/wp-json\/wp\/v2\/pages\/196"}],"wp:attachment":[{"href":"https:\/\/amblibreville.esteri.it\/fr\/wp-json\/wp\/v2\/media?parent=339"}],"curies":[{"name":"wp","href":"https:\/\/api.w.org\/{rel}","templated":true}]}}