{"id":2006,"date":"2025-07-21T13:22:11","date_gmt":"2025-07-21T12:22:11","guid":{"rendered":"https:\/\/amblibreville.esteri.it\/?page_id=2006"},"modified":"2025-07-21T13:22:11","modified_gmt":"2025-07-21T12:22:11","slug":"traduction-et-legalisation-des-documents","status":"publish","type":"page","link":"https:\/\/amblibreville.esteri.it\/fr\/servizi-consolari-e-visti\/servizi-per-il-cittadino-straniero\/traduction-et-legalisation-des-documents\/","title":{"rendered":"Traduction et l\u00e9galisation des documents"},"content":{"rendered":"<p>Des informations g\u00e9n\u00e9rales sur la l\u00e9galisation des documents sont disponibles sur le site du Minist\u00e8re des Affaires Etrang\u00e8res et de la Coop\u00e9ration Internationale :\u00a0<a href=\"https:\/\/www.esteri.it\/it\/servizi-consolari-e-visti\/italiani-all-estero\/traduzione-e-legalizzazione-documenti\/\">Traduction et l\u00e9galisation<\/a><\/p>\n<p>Pour \u00eatre valables en Italie, les actes et les documents \u00e9manant d&rsquo;autorit\u00e9s \u00e9trang\u00e8res, \u00e0 l&rsquo;exception de ceux r\u00e9dig\u00e9s sur des mod\u00e8les multilingues pr\u00e9vus par les conventions internationales, doivent \u00eatre l\u00e9galis\u00e9s par les Repr\u00e9sentations Diplomatiques et Consulaires italiennes \u00e0 l&rsquo;\u00e9tranger et traduits en italien.<\/p>\n<p><strong>PRISE DE RENDEZ-VOUS<\/strong><br \/>\nVeuillez noter que la prise de rendez-vous pour la l\u00e9galisation de documents aupr\u00e8s de notre Ambassade se fait par la plateforme <a href=\"https:\/\/prenotami.esteri.it\/\">Prenot@mi.<\/a><\/p>\n<p><strong>DOCUMENTS REQUIS POUR LA L\u00c9GALISATION<\/strong><br \/>\n1. Photocopie d&rsquo;une pi\u00e8ce d&rsquo;identit\u00e9 du titulaire du document.<br \/>\n2. Copie conforme de l&rsquo;original du document\/acte l\u00e9galis\u00e9 par le Minist\u00e8re des Affaires Etrang\u00e8res du Gabon.<br \/>\n3. Traduction en italien du document vis\u00e9 au point 2.<br \/>\n4. Au cas o\u00f9 l&rsquo;int\u00e9ress\u00e9 ne se pr\u00e9senterait pas personnellement au Guichet Consulaire, il sera n\u00e9cessaire de fournir une procuration au responsable, en joignant une copie de la pi\u00e8ce d&rsquo;identit\u00e9 du d\u00e9l\u00e9gu\u00e9.<\/p>\n<p>N.B. L&rsquo;office consulaire se r\u00e9serve le droit de v\u00e9rifier l&rsquo;authenticit\u00e9 de la documentation pr\u00e9sent\u00e9e.<br \/>\nPour plus d&rsquo;informations, \u00e9crivez \u00e0 consolare.libreville@esteri.it<\/p>\n","protected":false},"excerpt":{"rendered":"Des informations g\u00e9n\u00e9rales sur la l\u00e9galisation des documents sont disponibles sur le site du Minist\u00e8re des Affaires Etrang\u00e8res et de la Coop\u00e9ration Internationale :\u00a0Traduction et l\u00e9galisation Pour \u00eatre valables en Italie, les actes et les documents \u00e9manant d&rsquo;autorit\u00e9s \u00e9trang\u00e8res, \u00e0 l&rsquo;exception de ceux r\u00e9dig\u00e9s sur des mod\u00e8les multilingues pr\u00e9vus par les conventions internationales, doivent \u00eatre [&hellip;]","protected":false},"author":7,"featured_media":0,"parent":195,"menu_order":0,"comment_status":"closed","ping_status":"closed","template":"","meta":{"footnotes":""},"class_list":["post-2006","page","type-page","status-publish","hentry"],"_links":{"self":[{"href":"https:\/\/amblibreville.esteri.it\/fr\/wp-json\/wp\/v2\/pages\/2006","targetHints":{"allow":["GET"]}}],"collection":[{"href":"https:\/\/amblibreville.esteri.it\/fr\/wp-json\/wp\/v2\/pages"}],"about":[{"href":"https:\/\/amblibreville.esteri.it\/fr\/wp-json\/wp\/v2\/types\/page"}],"author":[{"embeddable":true,"href":"https:\/\/amblibreville.esteri.it\/fr\/wp-json\/wp\/v2\/users\/7"}],"replies":[{"embeddable":true,"href":"https:\/\/amblibreville.esteri.it\/fr\/wp-json\/wp\/v2\/comments?post=2006"}],"version-history":[{"count":1,"href":"https:\/\/amblibreville.esteri.it\/fr\/wp-json\/wp\/v2\/pages\/2006\/revisions"}],"predecessor-version":[{"id":2008,"href":"https:\/\/amblibreville.esteri.it\/fr\/wp-json\/wp\/v2\/pages\/2006\/revisions\/2008"}],"up":[{"embeddable":true,"href":"https:\/\/amblibreville.esteri.it\/fr\/wp-json\/wp\/v2\/pages\/195"}],"wp:attachment":[{"href":"https:\/\/amblibreville.esteri.it\/fr\/wp-json\/wp\/v2\/media?parent=2006"}],"curies":[{"name":"wp","href":"https:\/\/api.w.org\/{rel}","templated":true}]}}