{"id":196,"date":"2023-04-11T18:22:07","date_gmt":"2023-04-11T17:22:07","guid":{"rendered":"https:\/\/amblibreville.esteri.it\/servizi-consolari-e-visti\/servizi-per-il-cittadino-straniero\/visti\/"},"modified":"2025-07-23T15:11:12","modified_gmt":"2025-07-23T14:11:12","slug":"visti","status":"publish","type":"page","link":"https:\/\/amblibreville.esteri.it\/fr\/servizi-consolari-e-visti\/servizi-per-il-cittadino-straniero\/visti\/","title":{"rendered":"Visas"},"content":{"rendered":"<p>Sur le portail <a href=\"https:\/\/vistoperitalia.esteri.it\/?lang=it_IT\">Il visto per l&rsquo;Italia<\/a> \u00e9dit\u00e9 par le <strong>Minist\u00e8re des Affaires \u00c9trang\u00e8res et de la Coop\u00e9ration Internationale<\/strong>, vous trouverez des informations sur les conditions et les exigences relatives \u00e0 l\u2019obtention d\u2019un visa pour l\u2019Italie. Il est \u00e9galement recommand\u00e9 de remplir en premier lieu le questionnaire intitul\u00e9 <strong>\u00ab Le visa pour l\u2019Italie \u00bb<\/strong>, afin d\u2019identifier correctement le type de visa \u00e0 demander.<\/p>\n<p>Les d\u00e9lais de traitement pr\u00e9vus par la r\u00e9glementation varient en fonction du type de visa :<\/p>\n<ul>\n<li>Les <strong>visas Schengen<\/strong> (s\u00e9jours de courte dur\u00e9e) sont g\u00e9n\u00e9ralement trait\u00e9s dans un d\u00e9lai de <strong>15 jours<\/strong>, pouvant \u00eatre prolong\u00e9, dans certains cas pr\u00e9vus par la r\u00e9glementation, jusqu\u2019\u00e0 <strong>45 jours<\/strong> (article 23 du Code des visas).<\/li>\n<\/ul>\n<p>Il est recommand\u00e9 de prendre rendez-vous pour une demande de visa <strong>au moins 15 jours avant la date pr\u00e9vue du d\u00e9part<\/strong>.<\/p>\n<ul>\n<li>Pour les <strong>visas nationaux<\/strong> (s\u00e9jours de longue dur\u00e9e), si la demande est jug\u00e9e recevable et apr\u00e8s les v\u00e9rifications n\u00e9cessaires, la repr\u00e9sentation diplomatique ou consulaire d\u00e9livre le visa dans un d\u00e9lai de 90 jours suivant la demande\u00a0:\n<ul>\n<li><strong>60 jours<\/strong> pour un visa li\u00e9 \u00e0 l\u2019emploi,<\/li>\n<li><strong>30 jours<\/strong> pour un regroupement familial,<\/li>\n<li><strong>120 jours<\/strong> pour une activit\u00e9 ind\u00e9pendante,<\/li>\n<\/ul>\n<\/li>\n<\/ul>\n<h3><\/h3>\n<p><strong>Tarifs des visas<\/strong><\/p>\n<p><strong>Visa de court s\u00e9jour \u201cC\u201d \u2013 Schengen <\/strong><em>(Tourisme, affaires, missions, traitements m\u00e9dicaux, comp\u00e9titions sportives, etc.)<\/em> :<\/p>\n<ul>\n<li><strong>90 euros<\/strong> (<strong>59 500 FCFA<\/strong>) pour les demandeurs \u00e2g\u00e9s de <strong>plus de 12 ans<\/strong> ;<\/li>\n<li><strong>45 euros<\/strong> (<strong>30 000 FCFA<\/strong>) pour les enfants \u00e2g\u00e9s de <strong>6 \u00e0 12 ans<\/strong> ;<\/li>\n<li><strong>Gratuit<\/strong> pour les enfants de <strong>moins de 6 ans<\/strong>.<\/li>\n<\/ul>\n<p><strong>Visa national \u201cD\u201d \u2013 \u00c9tudes<\/strong><\/p>\n<ul>\n<li><strong>50 euros<\/strong> (<strong>33 000 FCFA<\/strong>)<\/li>\n<\/ul>\n<p><strong>Visa national \u201cD\u201d \u2013 Autres motifs <\/strong><strong>(<\/strong><em>Regroupement familial, emploi, raisons religieuses, etc.)<\/em> :<\/p>\n<ul>\n<li><strong>116 euros<\/strong> (<strong>76 500 FCFA<\/strong>)<\/li>\n<\/ul>\n<p>&nbsp;<\/p>\n<p><strong>Prise de rendez-vous<\/strong><\/p>\n<p>Les rendez-vous pour les demandes de visa ne peuvent \u00eatre pris <strong>qu\u2019en s\u2019inscrivant sur la plateforme<\/strong> <a href=\"https:\/\/prenotami.esteri.it\/\">Prenot@mi<\/a>. Une fois authentifi\u00e9, vous pourrez choisir <strong>le jour et le cr\u00e9neau horaire<\/strong> qui vous conviennent parmi ceux disponibles.<\/p>\n<h4><\/h4>\n<p><strong>Documents \u00e0 soumettre<\/strong><\/p>\n<p>Pour plus de d\u00e9tails sur les documents \u00e0 fournir, veuillez consulter les <strong>sous-sections de ce site<\/strong> correspondant aux diff\u00e9rents <strong>types de visas<\/strong>.<\/p>\n<p>Pour les types de visas <strong>non mentionn\u00e9s dans ces sous-sections<\/strong>, les usagers sont invit\u00e9s \u00e0 consulter le site officiel <a href=\"https:\/\/vistoperitalia.esteri.it\/?lang=it_IT\">Il visto per l&rsquo;Italia<\/a> et\/ou \u00e0 contacter notre Ambassade \u00e0 l\u2019adresse suivante\u00a0: <strong>visti.libreville@esteri.it<\/strong><\/p>\n","protected":false},"excerpt":{"rendered":"Sur le portail Il visto per l&rsquo;Italia \u00e9dit\u00e9 par le Minist\u00e8re des Affaires \u00c9trang\u00e8res et de la Coop\u00e9ration Internationale, vous trouverez des informations sur les conditions et les exigences relatives \u00e0 l\u2019obtention d\u2019un visa pour l\u2019Italie. Il est \u00e9galement recommand\u00e9 de remplir en premier lieu le questionnaire intitul\u00e9 \u00ab Le visa pour l\u2019Italie \u00bb, afin [&hellip;]","protected":false},"author":1,"featured_media":0,"parent":195,"menu_order":0,"comment_status":"closed","ping_status":"closed","template":"","meta":{"footnotes":""},"class_list":["post-196","page","type-page","status-publish","hentry"],"_links":{"self":[{"href":"https:\/\/amblibreville.esteri.it\/fr\/wp-json\/wp\/v2\/pages\/196","targetHints":{"allow":["GET"]}}],"collection":[{"href":"https:\/\/amblibreville.esteri.it\/fr\/wp-json\/wp\/v2\/pages"}],"about":[{"href":"https:\/\/amblibreville.esteri.it\/fr\/wp-json\/wp\/v2\/types\/page"}],"author":[{"embeddable":true,"href":"https:\/\/amblibreville.esteri.it\/fr\/wp-json\/wp\/v2\/users\/1"}],"replies":[{"embeddable":true,"href":"https:\/\/amblibreville.esteri.it\/fr\/wp-json\/wp\/v2\/comments?post=196"}],"version-history":[{"count":6,"href":"https:\/\/amblibreville.esteri.it\/fr\/wp-json\/wp\/v2\/pages\/196\/revisions"}],"predecessor-version":[{"id":2034,"href":"https:\/\/amblibreville.esteri.it\/fr\/wp-json\/wp\/v2\/pages\/196\/revisions\/2034"}],"up":[{"embeddable":true,"href":"https:\/\/amblibreville.esteri.it\/fr\/wp-json\/wp\/v2\/pages\/195"}],"wp:attachment":[{"href":"https:\/\/amblibreville.esteri.it\/fr\/wp-json\/wp\/v2\/media?parent=196"}],"curies":[{"name":"wp","href":"https:\/\/api.w.org\/{rel}","templated":true}]}}