{"id":180,"date":"2023-04-11T18:07:19","date_gmt":"2023-04-11T17:07:19","guid":{"rendered":"https:\/\/amblibreville.esteri.it\/chi-siamo\/numeri-di-emergenza\/"},"modified":"2023-10-25T11:28:45","modified_gmt":"2023-10-25T10:28:45","slug":"numeri-di-emergenza","status":"publish","type":"page","link":"https:\/\/amblibreville.esteri.it\/fr\/chi-siamo\/numeri-di-emergenza\/","title":{"rendered":"Num\u00e9ros d&rsquo;urgence"},"content":{"rendered":"<p>Num\u00e9ro de t\u00e9l\u00e9phone d\u2019urgence: +241 06 70 75 75<\/p>\n<p>&nbsp;<\/p>\n<p>&nbsp;<\/p>\n","protected":false},"excerpt":{"rendered":"Num\u00e9ro de t\u00e9l\u00e9phone d\u2019urgence: +241 06 70 75 75 &nbsp; &nbsp;","protected":false},"author":1,"featured_media":0,"parent":158,"menu_order":6,"comment_status":"closed","ping_status":"closed","template":"","meta":{"footnotes":""},"class_list":["post-180","page","type-page","status-publish","hentry"],"_links":{"self":[{"href":"https:\/\/amblibreville.esteri.it\/fr\/wp-json\/wp\/v2\/pages\/180","targetHints":{"allow":["GET"]}}],"collection":[{"href":"https:\/\/amblibreville.esteri.it\/fr\/wp-json\/wp\/v2\/pages"}],"about":[{"href":"https:\/\/amblibreville.esteri.it\/fr\/wp-json\/wp\/v2\/types\/page"}],"author":[{"embeddable":true,"href":"https:\/\/amblibreville.esteri.it\/fr\/wp-json\/wp\/v2\/users\/1"}],"replies":[{"embeddable":true,"href":"https:\/\/amblibreville.esteri.it\/fr\/wp-json\/wp\/v2\/comments?post=180"}],"version-history":[{"count":2,"href":"https:\/\/amblibreville.esteri.it\/fr\/wp-json\/wp\/v2\/pages\/180\/revisions"}],"predecessor-version":[{"id":328,"href":"https:\/\/amblibreville.esteri.it\/fr\/wp-json\/wp\/v2\/pages\/180\/revisions\/328"}],"up":[{"embeddable":true,"href":"https:\/\/amblibreville.esteri.it\/fr\/wp-json\/wp\/v2\/pages\/158"}],"wp:attachment":[{"href":"https:\/\/amblibreville.esteri.it\/fr\/wp-json\/wp\/v2\/media?parent=180"}],"curies":[{"name":"wp","href":"https:\/\/api.w.org\/{rel}","templated":true}]}}