{"id":179,"date":"2023-04-11T18:01:19","date_gmt":"2023-04-11T17:01:19","guid":{"rendered":"https:\/\/amblibreville.esteri.it\/chi-siamo\/gli-uffici\/"},"modified":"2024-03-07T12:31:03","modified_gmt":"2024-03-07T11:31:03","slug":"gli-uffici","status":"publish","type":"page","link":"https:\/\/amblibreville.esteri.it\/fr\/chi-siamo\/gli-uffici\/","title":{"rendered":"Les bureaux"},"content":{"rendered":"<p>LES BUREAUX ET LES HEURES D&rsquo;OUVERTURE<\/p>\n<p>Ambassade d\u2019Italie<br \/>\nHaut de Gu\u00e9 &#8211; Gu\u00e9<br \/>\nB.P. 23731 Libreville<br \/>\nGABON<br \/>\nTel. <span class=\"baec5a81-e4d6-4674-97f3-e9220f0136c1\">+241 11 742892<a title=\"Call: +241 01 742892\" href=\"https:\/\/amblibreville.esteri.it\/ambasciata_libreville\/fr\/ambasciata\/gli_uffici#\"><img decoding=\"async\" title=\"Call: +241 01 742892\" src=\"data:image\/png;base64,iVBORw0KGgoAAAANSUhEUgAAABAAAAAQCAYAAAAf8\/9hAAAACXBIWXMAAA7EAAAOxAGVKw4bAAAAIGNIUk0AAHolAACAgwAA+f8AAIDpAAB1MAAA6mAAADqYAAAXb5JfxUYAAAKLSURBVHjadJPfS5NhFMe\/21xvuhXRyJAZroiSrJnbRdT7vrAf5HBaK5RABmEEwQIvkpZ\/QRcWXdSFw5soKaF0F7qZeLO13mGBDpQsf5CoxVKHOt0Pctp2uvEdrzG\/V+c553w\/54HnPDIiQiGpPMETABoB2AAYd9MRAMMAvGmX+RcAyAoBVJ7gZQDtABworH4AHWmX+bOMZdkjCoXiUzabvcAwzPSsob5p\/VTNY9GcdpnxdmYZ9wJThSCtCr1e\/4XjuNPd3d1KjUZzaGbI27ysqzGQoggAsLa1A7ehArrDxfDNr0oBlQB+wmKxbJFEL968SxoamsjkHaPU9l9piUo6A0RE1DG2QCWdASrpDAzJM5kMI8XecdjVxfEl+K9dxFgsgUvvR6HyBKHyBAEATyKLeGSsENuNcqk5kUjEGm7fzcYqr0ClVODl99+YXEvl6+c1amjVe+ahiGGYaUEQKnmeh91uL43rqheixjpdmzCL11er0PcjhrTLvMfUJsyKYUSeyWQ6enp6tgCgrKxsfbP8bB8AdE1G89cOReMAgOv+Cag8QXRNRkXAsDwcDr+am5tLCYKA3t7eo2dG+1vVK\/MfpRPtA+MIReMYaKj+\/xm9MiICx3EmpVL5wefzFavValis1u1vvHMkdfykCQC0kSGUTo+Ajmnx1dSC7IGD+UUCEYGIwLKsyWazrSeTSSIiMpnNf7Ttz5+ec96fr7\/VnE0mk+QfHMzV3WjcKH\/4rEr05QGFIA6HY4llWRLPRER+v3\/HYrFMFQSIkNra2tVQKJSlfcSyLO0LECFWq3XF6XRGA4HAptTsdrsXeZ6fEHtl+31nAOA4rkUulz\/I5XL63dQGgHEAN8Ph8AYA\/BsAt4ube4GblQIAAAAASUVORK5CYII=\" alt=\"\" \/><\/a><\/span><br \/>\nFax <span class=\"baec5a81-e4d6-4674-97f3-e9220f0136c1\">+241 11 748035<a title=\"Call: +241 01 748035\" href=\"https:\/\/amblibreville.esteri.it\/ambasciata_libreville\/fr\/ambasciata\/gli_uffici#\"><img decoding=\"async\" title=\"Call: +241 01 748035\" src=\"data:image\/png;base64,iVBORw0KGgoAAAANSUhEUgAAABAAAAAQCAYAAAAf8\/9hAAAACXBIWXMAAA7EAAAOxAGVKw4bAAAAIGNIUk0AAHolAACAgwAA+f8AAIDpAAB1MAAA6mAAADqYAAAXb5JfxUYAAAKLSURBVHjadJPfS5NhFMe\/21xvuhXRyJAZroiSrJnbRdT7vrAf5HBaK5RABmEEwQIvkpZ\/QRcWXdSFw5soKaF0F7qZeLO13mGBDpQsf5CoxVKHOt0Pctp2uvEdrzG\/V+c553w\/54HnPDIiQiGpPMETABoB2AAYd9MRAMMAvGmX+RcAyAoBVJ7gZQDtABworH4AHWmX+bOMZdkjCoXiUzabvcAwzPSsob5p\/VTNY9GcdpnxdmYZ9wJThSCtCr1e\/4XjuNPd3d1KjUZzaGbI27ysqzGQoggAsLa1A7ehArrDxfDNr0oBlQB+wmKxbJFEL968SxoamsjkHaPU9l9piUo6A0RE1DG2QCWdASrpDAzJM5kMI8XecdjVxfEl+K9dxFgsgUvvR6HyBKHyBAEATyKLeGSsENuNcqk5kUjEGm7fzcYqr0ClVODl99+YXEvl6+c1amjVe+ahiGGYaUEQKnmeh91uL43rqheixjpdmzCL11er0PcjhrTLvMfUJsyKYUSeyWQ6enp6tgCgrKxsfbP8bB8AdE1G89cOReMAgOv+Cag8QXRNRkXAsDwcDr+am5tLCYKA3t7eo2dG+1vVK\/MfpRPtA+MIReMYaKj+\/xm9MiICx3EmpVL5wefzFavValis1u1vvHMkdfykCQC0kSGUTo+Ajmnx1dSC7IGD+UUCEYGIwLKsyWazrSeTSSIiMpnNf7Ttz5+ec96fr7\/VnE0mk+QfHMzV3WjcKH\/4rEr05QGFIA6HY4llWRLPRER+v3\/HYrFMFQSIkNra2tVQKJSlfcSyLO0LECFWq3XF6XRGA4HAptTsdrsXeZ6fEHtl+31nAOA4rkUulz\/I5XL63dQGgHEAN8Ph8AYA\/BsAt4ube4GblQIAAAAASUVORK5CYII=\" alt=\"\" \/><\/a><\/span><br \/>\nNum\u00e9ro portable (uniquement pour les cas urgents concernant des citoyens italiens)\u00a0<span class=\"baec5a81-e4d6-4674-97f3-e9220f0136c1\">+241 66707575<a title=\"Call: +241 06707575\" href=\"https:\/\/amblibreville.esteri.it\/ambasciata_libreville\/fr\/ambasciata\/gli_uffici#\"><img decoding=\"async\" title=\"Call: +241 06707575\" src=\"data:image\/png;base64,iVBORw0KGgoAAAANSUhEUgAAABAAAAAQCAYAAAAf8\/9hAAAACXBIWXMAAA7EAAAOxAGVKw4bAAAAIGNIUk0AAHolAACAgwAA+f8AAIDpAAB1MAAA6mAAADqYAAAXb5JfxUYAAAKLSURBVHjadJPfS5NhFMe\/21xvuhXRyJAZroiSrJnbRdT7vrAf5HBaK5RABmEEwQIvkpZ\/QRcWXdSFw5soKaF0F7qZeLO13mGBDpQsf5CoxVKHOt0Pctp2uvEdrzG\/V+c553w\/54HnPDIiQiGpPMETABoB2AAYd9MRAMMAvGmX+RcAyAoBVJ7gZQDtABworH4AHWmX+bOMZdkjCoXiUzabvcAwzPSsob5p\/VTNY9GcdpnxdmYZ9wJThSCtCr1e\/4XjuNPd3d1KjUZzaGbI27ysqzGQoggAsLa1A7ehArrDxfDNr0oBlQB+wmKxbJFEL968SxoamsjkHaPU9l9piUo6A0RE1DG2QCWdASrpDAzJM5kMI8XecdjVxfEl+K9dxFgsgUvvR6HyBKHyBAEATyKLeGSsENuNcqk5kUjEGm7fzcYqr0ClVODl99+YXEvl6+c1amjVe+ahiGGYaUEQKnmeh91uL43rqheixjpdmzCL11er0PcjhrTLvMfUJsyKYUSeyWQ6enp6tgCgrKxsfbP8bB8AdE1G89cOReMAgOv+Cag8QXRNRkXAsDwcDr+am5tLCYKA3t7eo2dG+1vVK\/MfpRPtA+MIReMYaKj+\/xm9MiICx3EmpVL5wefzFavValis1u1vvHMkdfykCQC0kSGUTo+Ajmnx1dSC7IGD+UUCEYGIwLKsyWazrSeTSSIiMpnNf7Ttz5+ec96fr7\/VnE0mk+QfHMzV3WjcKH\/4rEr05QGFIA6HY4llWRLPRER+v3\/HYrFMFQSIkNra2tVQKJSlfcSyLO0LECFWq3XF6XRGA4HAptTsdrsXeZ6fEHtl+31nAOA4rkUulz\/I5XL63dQGgHEAN8Ph8AYA\/BsAt4ube4GblQIAAAAASUVORK5CYII=\" alt=\"\" \/><\/a><\/span><br \/>\ne-mail: ambasciata.libreville@esteri.it<br \/>\ne-mail pec: amb.libreville@cert.esteri.it<\/p>\n<p>&nbsp;<\/p>\n<p>SECRETARIAT DU CHEF DE MISSION:<\/p>\n<p>e-mail: <a href=\"mailto:libreville.segreteria@esteri.it\">libreville.segreteria@esteri.it<\/a><\/p>\n<p>&nbsp;<\/p>\n<p>BUREAU COMMERCIAL:<\/p>\n<p>e-mail: <a href=\"mailto:commerciale.libreville@esteri.it\">commerciale.libreville@esteri.it <\/a><\/p>\n<p>Pour les demandes d\u2019assistance de la section \u00e9conomique et<br \/>\ncommerciale, cliquez <a href=\"https:\/\/nexus.esteri.it\/?sede=290\">ici<\/a><\/p>\n<p>BUREAU COOPERATION AU DEVELOPPEMENT<br \/>\ne-mail: <a href=\"mailto:commerciale.libreville@esteri.it\">commerciale.libreville@esteri.it<\/a><\/p>\n<p>BUREAU DE PRESSE<br \/>\ne-mail: <a href=\"mailto:commerciale.libreville@esteri.it\">commerciale.libreville@esteri.it<\/a><\/p>\n<p>BUREAU CONSULAIRE COLLECTIVITE ITALIENNE<\/p>\n<p>e-mail: <a href=\"mailto:consolare.libreville@esteri.it\">consolare.libreville@esteri.it<\/a><br \/>\nHoraires d&rsquo;ouverture au public du Bureau Consulaire:<br \/>\nLundi &#8211; Vendredi: 09.00 &#8211; 12.30 (mercredi ferm\u00e9)<\/p>\n<p>BUREAU CONSULAIRE &#8211; SECTION VISAS<\/p>\n<p>e-mail: <a href=\"mailto:visti.libreville@esteri.it\">visti.libreville@esteri.it<\/a><br \/>\nHoraires d&rsquo;ouverture au public de la Section Visas:\u00a0(uniquement sur rendez-vous moyennant le site \u00ab\u00a0prenot@mi\u00a0\u00bb: veuillez consulter la page visas du site)<br \/>\nLundi &#8211; Vendredi: 09.00 \u2013 12.30 (mercredi ferm\u00e9)<\/p>\n<p>SECTEUR UNIVERSITAIRE<br \/>\nLundi &#8211; Vendredi: 09.00 \u2013 12.30 (mercredi ferm\u00e9)<\/p>\n<p>BUREAU ADMINISTRATIF<br \/>\ne-mail: <a href=\"mailto:amm.libreville@esteri.it\">amm.libreville@esteri.it<\/a><\/p>\n<p>&nbsp;<\/p>\n<p>&nbsp;<\/p>\n","protected":false},"excerpt":{"rendered":"LES BUREAUX ET LES HEURES D&rsquo;OUVERTURE Ambassade d\u2019Italie Haut de Gu\u00e9 &#8211; Gu\u00e9 B.P. 23731 Libreville GABON Tel. +241 11 742892 Fax +241 11 748035 Num\u00e9ro portable (uniquement pour les cas urgents concernant des citoyens italiens)\u00a0+241 66707575 e-mail: ambasciata.libreville@esteri.it e-mail pec: amb.libreville@cert.esteri.it &nbsp; SECRETARIAT DU CHEF DE MISSION: e-mail: libreville.segreteria@esteri.it &nbsp; BUREAU COMMERCIAL: e-mail: commerciale.libreville@esteri.it [&hellip;]","protected":false},"author":1,"featured_media":0,"parent":158,"menu_order":4,"comment_status":"closed","ping_status":"closed","template":"","meta":{"footnotes":""},"class_list":["post-179","page","type-page","status-publish","hentry"],"_links":{"self":[{"href":"https:\/\/amblibreville.esteri.it\/fr\/wp-json\/wp\/v2\/pages\/179","targetHints":{"allow":["GET"]}}],"collection":[{"href":"https:\/\/amblibreville.esteri.it\/fr\/wp-json\/wp\/v2\/pages"}],"about":[{"href":"https:\/\/amblibreville.esteri.it\/fr\/wp-json\/wp\/v2\/types\/page"}],"author":[{"embeddable":true,"href":"https:\/\/amblibreville.esteri.it\/fr\/wp-json\/wp\/v2\/users\/1"}],"replies":[{"embeddable":true,"href":"https:\/\/amblibreville.esteri.it\/fr\/wp-json\/wp\/v2\/comments?post=179"}],"version-history":[{"count":6,"href":"https:\/\/amblibreville.esteri.it\/fr\/wp-json\/wp\/v2\/pages\/179\/revisions"}],"predecessor-version":[{"id":1020,"href":"https:\/\/amblibreville.esteri.it\/fr\/wp-json\/wp\/v2\/pages\/179\/revisions\/1020"}],"up":[{"embeddable":true,"href":"https:\/\/amblibreville.esteri.it\/fr\/wp-json\/wp\/v2\/pages\/158"}],"wp:attachment":[{"href":"https:\/\/amblibreville.esteri.it\/fr\/wp-json\/wp\/v2\/media?parent=179"}],"curies":[{"name":"wp","href":"https:\/\/api.w.org\/{rel}","templated":true}]}}