{"id":176,"date":"2023-04-11T17:08:57","date_gmt":"2023-04-11T16:08:57","guid":{"rendered":"https:\/\/amblibreville.esteri.it\/servizi-consolari-e-visti\/"},"modified":"2023-10-25T11:40:43","modified_gmt":"2023-10-25T10:40:43","slug":"servizi-consolari-e-visti","status":"publish","type":"page","link":"https:\/\/amblibreville.esteri.it\/fr\/servizi-consolari-e-visti\/","title":{"rendered":"Services consulaires et visas"},"content":{"rendered":"<p>L\u2019Ambassade d\u2019Italie \u00e0 Libreville met \u00e0 la disposition ses services selon les principes d\u2019\u00e9galit\u00e9, impartialit\u00e9, efficacit\u00e9 et transparence, dans le but de prot\u00e9ger les ressortissants italiens au Gabon en ce qui concerne le respect des droit fondamentaux et de la libert\u00e9 personnelle. Elle assure aussi la protection des int\u00e9r\u00eats italiens dans le pays.<\/p>\n<p>&nbsp;<\/p>\n<p>Les ressortissants italiens peuvent exprimer leurs \u00e9valuations des services de l\u2019Ambassade sur un registre publique disponible aupr\u00e8s de la chancellerie.<\/p>\n<p>&nbsp;<\/p>\n<p>Les renseignements de caract\u00e8re g\u00e9n\u00e9ral sur les services fournis peuvent \u00eatre consult\u00e9s en langue italienne sur le site Internet du Minist\u00e8re des Affaires Etrang\u00e8res (liens ci-dessous).<\/p>\n<p>&nbsp;<\/p>\n<p>Pour des renseignements sp\u00e9cifiques\u00a0les int\u00e9ress\u00e9s sont pri\u00e9s de se rapprocher des services consulaires comp\u00e9tents aupr\u00e8s de la chancellerie\u00a0:<\/p>\n<p>T\u00e9l. (+241) 01 74 28 92\/3<\/p>\n<p>Email: <a href=\"mailto:consolare.libreville@esteri.it\">consolare.libreville@esteri.it<\/a><\/p>\n<p>&nbsp;<\/p>\n","protected":false},"excerpt":{"rendered":"L\u2019Ambassade d\u2019Italie \u00e0 Libreville met \u00e0 la disposition ses services selon les principes d\u2019\u00e9galit\u00e9, impartialit\u00e9, efficacit\u00e9 et transparence, dans le but de prot\u00e9ger les ressortissants italiens au Gabon en ce qui concerne le respect des droit fondamentaux et de la libert\u00e9 personnelle. Elle assure aussi la protection des int\u00e9r\u00eats italiens dans le pays. &nbsp; Les [&hellip;]","protected":false},"author":1,"featured_media":0,"parent":0,"menu_order":6,"comment_status":"closed","ping_status":"closed","template":"","meta":{"footnotes":""},"class_list":["post-176","page","type-page","status-publish","hentry"],"_links":{"self":[{"href":"https:\/\/amblibreville.esteri.it\/fr\/wp-json\/wp\/v2\/pages\/176","targetHints":{"allow":["GET"]}}],"collection":[{"href":"https:\/\/amblibreville.esteri.it\/fr\/wp-json\/wp\/v2\/pages"}],"about":[{"href":"https:\/\/amblibreville.esteri.it\/fr\/wp-json\/wp\/v2\/types\/page"}],"author":[{"embeddable":true,"href":"https:\/\/amblibreville.esteri.it\/fr\/wp-json\/wp\/v2\/users\/1"}],"replies":[{"embeddable":true,"href":"https:\/\/amblibreville.esteri.it\/fr\/wp-json\/wp\/v2\/comments?post=176"}],"version-history":[{"count":2,"href":"https:\/\/amblibreville.esteri.it\/fr\/wp-json\/wp\/v2\/pages\/176\/revisions"}],"predecessor-version":[{"id":330,"href":"https:\/\/amblibreville.esteri.it\/fr\/wp-json\/wp\/v2\/pages\/176\/revisions\/330"}],"wp:attachment":[{"href":"https:\/\/amblibreville.esteri.it\/fr\/wp-json\/wp\/v2\/media?parent=176"}],"curies":[{"name":"wp","href":"https:\/\/api.w.org\/{rel}","templated":true}]}}